{"id":607,"date":"2026-04-12T17:33:27","date_gmt":"2026-04-12T17:33:27","guid":{"rendered":"http:\/\/aineterhof.local\/?page_id=607"},"modified":"2026-04-20T19:31:16","modified_gmt":"2026-04-20T19:31:16","slug":"arak","status":"publish","type":"page","link":"https:\/\/aineterhof.com\/stagingaineterhof\/arak\/","title":{"rendered":"\u00c1rak"},"content":{"rendered":"\t\t<div data-elementor-type=\"wp-page\" data-elementor-id=\"607\" class=\"elementor elementor-607\" data-elementor-post-type=\"page\">\n\t\t\t\t<div class=\"elementor-element elementor-element-18d0332 e-con-full e-flex e-con e-parent\" data-id=\"18d0332\" data-element_type=\"container\" data-e-type=\"container\" data-settings=\"{&quot;background_background&quot;:&quot;classic&quot;}\">\n\t\t\t\t<div class=\"elementor-element elementor-element-dd7c792 elementor-widget elementor-widget-heading\" data-id=\"dd7c792\" data-element_type=\"widget\" data-e-type=\"widget\" data-widget_type=\"heading.default\">\n\t\t\t\t\t<p class=\"elementor-heading-title elementor-size-default\">D\u00cdJSZAB\u00c1S<\/p>\t\t\t\t<\/div>\n\t\t\t\t<div class=\"elementor-element elementor-element-8cf099e elementor-widget elementor-widget-heading\" data-id=\"8cf099e\" data-element_type=\"widget\" data-e-type=\"widget\" data-widget_type=\"heading.default\">\n\t\t\t\t\t<h1 class=\"elementor-heading-title elementor-size-default\">\u00c1rak<\/h1>\t\t\t\t<\/div>\n\t\t\t\t<\/div>\n\t\t<div class=\"elementor-element elementor-element-b96be03 e-con-full e-flex e-con e-parent\" data-id=\"b96be03\" data-element_type=\"container\" data-e-type=\"container\" data-settings=\"{&quot;background_background&quot;:&quot;classic&quot;}\">\n\t\t<div class=\"elementor-element elementor-element-001d4d0 e-con-full e-flex e-con e-child\" data-id=\"001d4d0\" data-element_type=\"container\" data-e-type=\"container\">\n\t\t\t\t<div class=\"elementor-element elementor-element-c1f8f10 elementor-widget elementor-widget-heading\" data-id=\"c1f8f10\" data-element_type=\"widget\" data-e-type=\"widget\" data-widget_type=\"heading.default\">\n\t\t\t\t\t<p class=\"elementor-heading-title elementor-size-default\">\u00c1R\u00d6SSZEFOGLAL\u00d3<\/p>\t\t\t\t<\/div>\n\t\t\t\t<div class=\"elementor-element elementor-element-c504311 elementor-widget elementor-widget-heading\" data-id=\"c504311\" data-element_type=\"widget\" data-e-type=\"widget\" data-widget_type=\"heading.default\">\n\t\t\t\t\t<h2 class=\"elementor-heading-title elementor-size-default\">Minden \u00e1r szem\u00e9lyenk\u00e9nt \u00e9s \u00e9jszak\u00e1nk\u00e9nt \u00e9rtend\u0151, reggelivel egy\u00fctt. <\/h2>\t\t\t\t<\/div>\n\t\t\t\t<div class=\"elementor-element elementor-element-b35f908 elementor-widget elementor-widget-heading\" data-id=\"b35f908\" data-element_type=\"widget\" data-e-type=\"widget\" data-widget_type=\"heading.default\">\n\t\t\t\t\t<h2 class=\"elementor-heading-title elementor-size-default\">(f\u00e9lpanzi\u00f3s \u00e1r felt\u00fcntetve k\u00fcl\u00f6n)<\/h2>\t\t\t\t<\/div>\n\t\t\t\t<\/div>\n\t\t<div class=\"elementor-element elementor-element-2b7699d e-con-full e-flex e-con e-child\" data-id=\"2b7699d\" data-element_type=\"container\" data-e-type=\"container\">\n\t\t\t\t<div class=\"elementor-element elementor-element-e7dc525 elementor-widget elementor-widget-text-editor\" data-id=\"e7dc525\" data-element_type=\"widget\" data-e-type=\"widget\" data-widget_type=\"text-editor.default\">\n\t\t\t\t\t\t\t\t\t<p style=\"font-family: Inter,sans-serif; font-size: 13px; color: #a8a29e; line-height: 1.6; margin: 0;\">Az \u00e1rak t\u00e1j\u00e9koztat\u00f3 jelleg\u0171ek \u00e9s v\u00e1ltozhatnak. Pontos el\u00e9rhet\u0151s\u00e9g\u00e9rt \u00e9s csoportos aj\u00e1nlat\u00e9rt vegye fel vel\u00fcnk a kapcsolatot.<\/p>\t\t\t\t\t\t\t\t<\/div>\n\t\t\t\t<\/div>\n\t\t\t\t<\/div>\n\t\t<div class=\"elementor-element elementor-element-1e13469 e-con-full e-flex e-con e-parent\" data-id=\"1e13469\" data-element_type=\"container\" data-e-type=\"container\" data-settings=\"{&quot;background_background&quot;:&quot;classic&quot;}\">\n\t\t<div class=\"elementor-element elementor-element-d0d6f24 e-con-full e-flex e-con e-child\" data-id=\"d0d6f24\" data-element_type=\"container\" data-e-type=\"container\">\n\t\t\t\t<div class=\"elementor-element elementor-element-c93a313 elementor-widget elementor-widget-heading\" data-id=\"c93a313\" data-element_type=\"widget\" data-e-type=\"widget\" data-widget_type=\"heading.default\">\n\t\t\t\t\t<h2 class=\"elementor-heading-title elementor-size-default\">04.20-05.31<\/h2>\t\t\t\t<\/div>\n\t\t\t\t<\/div>\n\t\t\t\t<div class=\"elementor-element elementor-element-162f4c2 elementor-widget elementor-widget-text-editor\" data-id=\"162f4c2\" data-element_type=\"widget\" data-e-type=\"widget\" data-widget_type=\"text-editor.default\">\n\t\t\t\t\t\t\t\t\t<style>\n@media (max-width: 600px) {\n  .ptbl-grid,\n  .ptbl-hdr {\n    grid-template-columns: 1fr 72px 88px !important;\n  }\n\n  .ptbl-price {\n    font-size: 18px !important;\n  }\n}\n<\/style>\n\n<div style=\"width: 100%;\">\n  <div class=\"ptbl-hdr\" style=\"display: grid; grid-template-columns: 1fr 90px 110px; border-bottom: 1px solid #E7E5E4; padding-bottom: 12px; margin-bottom: 4px;\">\n    <p style=\"font-family: Inter, sans-serif; font-size: 14px; font-weight: 500; text-transform: uppercase; letter-spacing: 2px; color: #a8a29e; margin: 0; text-align: left;\">Szobat\u00edpus<\/p>\n    <p style=\"font-family: Inter, sans-serif; font-size: 14px; font-weight: 500; text-transform: uppercase; letter-spacing: 2px; color: #a8a29e; margin: 0; text-align: right;\">Reggeli<\/p>\n    <p style=\"font-family: Inter, sans-serif; font-size: 14px; font-weight: 500; text-transform: uppercase; letter-spacing: 2px; color: #a8a29e; margin: 0; text-align: right;\">F\u00e9lpanzi\u00f3<\/p>\n  <\/div>\n\n  <div class=\"ptbl-grid\" style=\"display: grid; grid-template-columns: 1fr 90px 110px; border-bottom: 1px solid #F5F4F4; padding: 20px 0; align-items: baseline;\">\n    <div>\n      <p style=\"font-family: Inter, sans-serif; font-size: 15px; color: #292524; margin: 0;\">Egy \u00e9jszaka<\/p>\n      <p style=\"font-family: Inter, sans-serif; font-size: 14px; color: #a8a29e; margin: 4px 0 0 0;\">szem\u00e9lyenk\u00e9nt<\/p>\n    <\/div>\n    <p class=\"ptbl-price\" style=\"font-family: 'Playfair Display', serif; font-size: 22px; font-weight: 500; color: #1c1c1c; margin: 0; text-align: right;\">\u20ac65<\/p>\n    <p class=\"ptbl-price\" style=\"font-family: 'Playfair Display', serif; font-size: 22px; font-weight: 500; color: #1c1c1c; margin: 0; text-align: right;\">\u20ac77<\/p>\n  <\/div>\n\n  <div class=\"ptbl-grid\" style=\"display: grid; grid-template-columns: 1fr 90px 110px; border-bottom: 1px solid #F5F4F4; padding: 20px 0; align-items: baseline;\">\n    <div>\n      <p style=\"font-family: Inter, sans-serif; font-size: 15px; color: #292524; margin: 0;\">T\u00f6bb \u00e9jszaka<\/p>\n      <p style=\"font-family: Inter, sans-serif; font-size: 14px; color: #a8a29e; margin: 4px 0 0 0;\">szem\u00e9lyenk\u00e9nt<\/p>\n    <\/div>\n    <p class=\"ptbl-price\" style=\"font-family: 'Playfair Display', serif; font-size: 22px; font-weight: 500; color: #1c1c1c; margin: 0; text-align: right;\">\u20ac62<\/p>\n    <p class=\"ptbl-price\" style=\"font-family: 'Playfair Display', serif; font-size: 22px; font-weight: 500; color: #1c1c1c; margin: 0; text-align: right;\">\u20ac74<\/p>\n  <\/div>\n<\/div>\t\t\t\t\t\t\t\t<\/div>\n\t\t\t\t<\/div>\n\t\t<div class=\"elementor-element elementor-element-06718b6 e-con-full e-flex e-con e-parent\" data-id=\"06718b6\" data-element_type=\"container\" data-e-type=\"container\" data-settings=\"{&quot;background_background&quot;:&quot;classic&quot;}\">\n\t\t<div class=\"elementor-element elementor-element-c61276b e-con-full e-flex e-con e-child\" data-id=\"c61276b\" data-element_type=\"container\" data-e-type=\"container\">\n\t\t\t\t<div class=\"elementor-element elementor-element-54e9353 elementor-widget elementor-widget-heading\" data-id=\"54e9353\" data-element_type=\"widget\" data-e-type=\"widget\" data-widget_type=\"heading.default\">\n\t\t\t\t\t<h2 class=\"elementor-heading-title elementor-size-default\">06.01-06.30.<\/h2>\t\t\t\t<\/div>\n\t\t\t\t<\/div>\n\t\t\t\t<div class=\"elementor-element elementor-element-7813abc elementor-widget elementor-widget-text-editor\" data-id=\"7813abc\" data-element_type=\"widget\" data-e-type=\"widget\" data-widget_type=\"text-editor.default\">\n\t\t\t\t\t\t\t\t\t<style>\n@media (max-width: 600px) {\n  .ptbl-grid,\n  .ptbl-hdr {\n    grid-template-columns: 1fr 72px 88px !important;\n  }\n\n  .ptbl-price {\n    font-size: 18px !important;\n  }\n}\n<\/style>\n\n<div style=\"width: 100%;\">\n  <div class=\"ptbl-hdr\" style=\"display: grid; grid-template-columns: 1fr 90px 110px; border-bottom: 1px solid #E7E5E4; padding-bottom: 12px; margin-bottom: 4px;\">\n    <p style=\"font-family: Inter,sans-serif; font-size: 14px; font-weight: 500; text-transform: uppercase; letter-spacing: 2px; color: #a8a29e; margin: 0; text-align: left;\">Szobat\u00edpus<\/p>\n    <p style=\"font-family: Inter,sans-serif; font-size: 14px; font-weight: 500; text-transform: uppercase; letter-spacing: 2px; color: #a8a29e; margin: 0; text-align: right;\">Reggeli<\/p>\n    <p style=\"font-family: Inter,sans-serif; font-size: 14px; font-weight: 500; text-transform: uppercase; letter-spacing: 2px; color: #a8a29e; margin: 0; text-align: right;\">F\u00e9lpanzi\u00f3<\/p>\n  <\/div>\n\n  <div class=\"ptbl-grid\" style=\"display: grid; grid-template-columns: 1fr 90px 110px; border-bottom: 1px solid #F5F4F4; padding: 20px 0; align-items: baseline;\">\n    <div>\n      <p style=\"font-family: Inter,sans-serif; font-size: 15px; color: #292524; margin: 0;\">Egy \u00e9jszaka<\/p>\n      <p style=\"font-family: Inter,sans-serif; font-size: 14px; color: #a8a29e; margin: 4px 0 0 0;\">szem\u00e9lyenk\u00e9nt<\/p>\n    <\/div>\n    <p class=\"ptbl-price\" style=\"font-family: 'Playfair Display',serif; font-size: 22px; font-weight: 500; color: #1c1c1c; margin: 0; text-align: right;\">\u20ac75<\/p>\n    <p class=\"ptbl-price\" style=\"font-family: 'Playfair Display',serif; font-size: 22px; font-weight: 500; color: #1c1c1c; margin: 0; text-align: right;\">\u20ac87<\/p>\n  <\/div>\n\n  <div class=\"ptbl-grid\" style=\"display: grid; grid-template-columns: 1fr 90px 110px; border-bottom: 1px solid #F5F4F4; padding: 20px 0; align-items: baseline;\">\n    <div>\n      <p style=\"font-family: Inter,sans-serif; font-size: 15px; color: #292524; margin: 0;\">T\u00f6bb \u00e9jszaka<\/p>\n      <p style=\"font-family: Inter,sans-serif; font-size: 14px; color: #a8a29e; margin: 4px 0 0 0;\">szem\u00e9lyenk\u00e9nt<\/p>\n    <\/div>\n    <p class=\"ptbl-price\" style=\"font-family: 'Playfair Display',serif; font-size: 22px; font-weight: 500; color: #1c1c1c; margin: 0; text-align: right;\">\u20ac72<\/p>\n    <p class=\"ptbl-price\" style=\"font-family: 'Playfair Display',serif; font-size: 22px; font-weight: 500; color: #1c1c1c; margin: 0; text-align: right;\">\u20ac85<\/p>\n  <\/div>\n<\/div>\t\t\t\t\t\t\t\t<\/div>\n\t\t\t\t<\/div>\n\t\t<div class=\"elementor-element elementor-element-11685be e-con-full e-flex e-con e-parent\" data-id=\"11685be\" data-element_type=\"container\" data-e-type=\"container\" data-settings=\"{&quot;background_background&quot;:&quot;classic&quot;}\">\n\t\t<div class=\"elementor-element elementor-element-c98f0da e-con-full e-flex e-con e-child\" data-id=\"c98f0da\" data-element_type=\"container\" data-e-type=\"container\">\n\t\t\t\t<div class=\"elementor-element elementor-element-b4482fa elementor-widget elementor-widget-heading\" data-id=\"b4482fa\" data-element_type=\"widget\" data-e-type=\"widget\" data-widget_type=\"heading.default\">\n\t\t\t\t\t<h2 class=\"elementor-heading-title elementor-size-default\">07.01-08.31.<\/h2>\t\t\t\t<\/div>\n\t\t\t\t<\/div>\n\t\t\t\t<div class=\"elementor-element elementor-element-0fddf88 elementor-widget elementor-widget-text-editor\" data-id=\"0fddf88\" data-element_type=\"widget\" data-e-type=\"widget\" data-widget_type=\"text-editor.default\">\n\t\t\t\t\t\t\t\t\t<style>\n@media (max-width: 600px) {\n  .ptbl-grid,\n  .ptbl-hdr {\n    grid-template-columns: 1fr 72px 88px !important;\n  }\n\n  .ptbl-price {\n    font-size: 18px !important;\n  }\n}\n<\/style>\n\n<div style=\"width: 100%;\">\n  <div class=\"ptbl-hdr\" style=\"display: grid; grid-template-columns: 1fr 90px 110px; border-bottom: 1px solid #E7E5E4; padding-bottom: 12px; margin-bottom: 4px;\">\n    <p style=\"font-family: Inter,sans-serif; font-size: 14px; font-weight: 500; text-transform: uppercase; letter-spacing: 2px; color: #a8a29e; margin: 0; text-align: left;\">Szobat\u00edpus<\/p>\n    <p style=\"font-family: Inter,sans-serif; font-size: 14px; font-weight: 500; text-transform: uppercase; letter-spacing: 2px; color: #a8a29e; margin: 0; text-align: right;\">Reggeli<\/p>\n    <p style=\"font-family: Inter,sans-serif; font-size: 14px; font-weight: 500; text-transform: uppercase; letter-spacing: 2px; color: #a8a29e; margin: 0; text-align: right;\">F\u00e9lpanzi\u00f3<\/p>\n  <\/div>\n\n  <div class=\"ptbl-grid\" style=\"display: grid; grid-template-columns: 1fr 90px 110px; border-bottom: 1px solid #F5F4F4; padding: 20px 0; align-items: baseline;\">\n    <div>\n      <p style=\"font-family: Inter,sans-serif; font-size: 15px; color: #292524; margin: 0;\">Egy \u00e9jszaka<\/p>\n      <p style=\"font-family: Inter,sans-serif; font-size: 14px; color: #a8a29e; margin: 4px 0 0 0;\">szem\u00e9lyenk\u00e9nt<\/p>\n    <\/div>\n    <p class=\"ptbl-price\" style=\"font-family: 'Playfair Display',serif; font-size: 22px; font-weight: 500; color: #1c1c1c; margin: 0; text-align: right;\">\u20ac75<\/p>\n    <p class=\"ptbl-price\" style=\"font-family: 'Playfair Display',serif; font-size: 22px; font-weight: 500; color: #1c1c1c; margin: 0; text-align: right;\">\u20ac87<\/p>\n  <\/div>\n\n  <div class=\"ptbl-grid\" style=\"display: grid; grid-template-columns: 1fr 90px 110px; border-bottom: 1px solid #F5F4F4; padding: 20px 0; align-items: baseline;\">\n    <div>\n      <p style=\"font-family: Inter,sans-serif; font-size: 15px; color: #292524; margin: 0;\">T\u00f6bb \u00e9jszaka<\/p>\n      <p style=\"font-family: Inter,sans-serif; font-size: 14px; color: #a8a29e; margin: 4px 0 0 0;\">szem\u00e9lyenk\u00e9nt<\/p>\n    <\/div>\n    <p class=\"ptbl-price\" style=\"font-family: 'Playfair Display',serif; font-size: 22px; font-weight: 500; color: #1c1c1c; margin: 0; text-align: right;\">\u20ac72<\/p>\n    <p class=\"ptbl-price\" style=\"font-family: 'Playfair Display',serif; font-size: 22px; font-weight: 500; color: #1c1c1c; margin: 0; text-align: right;\">\u20ac85<\/p>\n  <\/div>\n<\/div>\t\t\t\t\t\t\t\t<\/div>\n\t\t\t\t<\/div>\n\t\t<div class=\"elementor-element elementor-element-ddfc1f2 e-con-full e-flex e-con e-parent\" data-id=\"ddfc1f2\" data-element_type=\"container\" data-e-type=\"container\" data-settings=\"{&quot;background_background&quot;:&quot;classic&quot;}\">\n\t\t<div class=\"elementor-element elementor-element-25d32ac e-con-full e-flex e-con e-child\" data-id=\"25d32ac\" data-element_type=\"container\" data-e-type=\"container\">\n\t\t\t\t<div class=\"elementor-element elementor-element-24bdc5b elementor-widget elementor-widget-heading\" data-id=\"24bdc5b\" data-element_type=\"widget\" data-e-type=\"widget\" data-widget_type=\"heading.default\">\n\t\t\t\t\t<h2 class=\"elementor-heading-title elementor-size-default\">09.01-10.31.<\/h2>\t\t\t\t<\/div>\n\t\t\t\t<\/div>\n\t\t\t\t<div class=\"elementor-element elementor-element-b4c22d6 elementor-widget elementor-widget-text-editor\" data-id=\"b4c22d6\" data-element_type=\"widget\" data-e-type=\"widget\" data-widget_type=\"text-editor.default\">\n\t\t\t\t\t\t\t\t\t<style>\n@media (max-width: 600px) {\n  .ptbl-grid,\n  .ptbl-hdr {\n    grid-template-columns: 1fr 72px 88px !important;\n  }\n\n  .ptbl-price {\n    font-size: 18px !important;\n  }\n}\n<\/style>\n\n<div style=\"width: 100%;\">\n  <div class=\"ptbl-hdr\" style=\"display: grid; grid-template-columns: 1fr 90px 110px; border-bottom: 1px solid #E7E5E4; padding-bottom: 12px; margin-bottom: 4px;\">\n    <p style=\"font-family: Inter,sans-serif; font-size: 14px; font-weight: 500; text-transform: uppercase; letter-spacing: 2px; color: #a8a29e; margin: 0; text-align: left;\">Szobat\u00edpus<\/p>\n    <p style=\"font-family: Inter,sans-serif; font-size: 14px; font-weight: 500; text-transform: uppercase; letter-spacing: 2px; color: #a8a29e; margin: 0; text-align: right;\">Reggeli<\/p>\n    <p style=\"font-family: Inter,sans-serif; font-size: 14px; font-weight: 500; text-transform: uppercase; letter-spacing: 2px; color: #a8a29e; margin: 0; text-align: right;\">F\u00e9lpanzi\u00f3<\/p>\n  <\/div>\n\n  <div class=\"ptbl-grid\" style=\"display: grid; grid-template-columns: 1fr 90px 110px; border-bottom: 1px solid #F5F4F4; padding: 20px 0; align-items: baseline;\">\n    <div>\n      <p style=\"font-family: Inter,sans-serif; font-size: 15px; color: #292524; margin: 0;\">Egy \u00e9jszaka<\/p>\n      <p style=\"font-family: Inter,sans-serif; font-size: 14px; color: #a8a29e; margin: 4px 0 0 0;\">szem\u00e9lyenk\u00e9nt<\/p>\n    <\/div>\n    <p class=\"ptbl-price\" style=\"font-family: 'Playfair Display',serif; font-size: 22px; font-weight: 500; color: #1c1c1c; margin: 0; text-align: right;\">\u20ac65<\/p>\n    <p class=\"ptbl-price\" style=\"font-family: 'Playfair Display',serif; font-size: 22px; font-weight: 500; color: #1c1c1c; margin: 0; text-align: right;\">\u20ac77<\/p>\n  <\/div>\n\n  <div class=\"ptbl-grid\" style=\"display: grid; grid-template-columns: 1fr 90px 110px; border-bottom: 1px solid #F5F4F4; padding: 20px 0; align-items: baseline;\">\n    <div>\n      <p style=\"font-family: Inter,sans-serif; font-size: 15px; color: #292524; margin: 0;\">T\u00f6bb \u00e9jszaka<\/p>\n      <p style=\"font-family: Inter,sans-serif; font-size: 14px; color: #a8a29e; margin: 4px 0 0 0;\">szem\u00e9lyenk\u00e9nt<\/p>\n    <\/div>\n    <p class=\"ptbl-price\" style=\"font-family: 'Playfair Display',serif; font-size: 22px; font-weight: 500; color: #1c1c1c; margin: 0; text-align: right;\">\u20ac62<\/p>\n    <p class=\"ptbl-price\" style=\"font-family: 'Playfair Display',serif; font-size: 22px; font-weight: 500; color: #1c1c1c; margin: 0; text-align: right;\">\u20ac75<\/p>\n  <\/div>\n<\/div>\t\t\t\t\t\t\t\t<\/div>\n\t\t\t\t<\/div>\n\t\t<div class=\"elementor-element elementor-element-87e34d5 e-con-full e-flex e-con e-parent\" data-id=\"87e34d5\" data-element_type=\"container\" data-e-type=\"container\" data-settings=\"{&quot;background_background&quot;:&quot;classic&quot;}\">\n\t\t<div class=\"elementor-element elementor-element-411fd48 e-con-full e-flex e-con e-child\" data-id=\"411fd48\" data-element_type=\"container\" data-e-type=\"container\">\n\t\t<div class=\"elementor-element elementor-element-5d044fe e-con-full e-flex e-con e-child\" data-id=\"5d044fe\" data-element_type=\"container\" data-e-type=\"container\">\n\t\t\t\t<div class=\"elementor-element elementor-element-32859f5 elementor-widget elementor-widget-heading\" data-id=\"32859f5\" data-element_type=\"widget\" data-e-type=\"widget\" data-widget_type=\"heading.default\">\n\t\t\t\t\t<h2 class=\"elementor-heading-title elementor-size-default\">A gyermek 2-12 \u00e9v k\u00f6z\u00f6tt 50% os kedvezm\u00e9nyben r\u00e9szes\u00fcl<\/h2>\t\t\t\t<\/div>\n\t\t\t\t<div class=\"elementor-element elementor-element-15d32fb elementor-widget elementor-widget-heading\" data-id=\"15d32fb\" data-element_type=\"widget\" data-e-type=\"widget\" data-widget_type=\"heading.default\">\n\t\t\t\t\t<h2 class=\"elementor-heading-title elementor-size-default\">A 2 \u00e9v alatti gyermek d\u00edjmentesen tart\u00f3zkodhat n\u00e1lunk.<\/h2>\t\t\t\t<\/div>\n\t\t\t\t<\/div>\n\t\t\t\t<\/div>\n\t\t<div class=\"elementor-element elementor-element-bb1a2fc e-con-full e-flex e-con e-child\" data-id=\"bb1a2fc\" data-element_type=\"container\" data-e-type=\"container\" data-settings=\"{&quot;background_background&quot;:&quot;classic&quot;}\">\n\t\t<div class=\"elementor-element elementor-element-7033dc4 e-con-full e-flex e-con e-child\" data-id=\"7033dc4\" data-element_type=\"container\" data-e-type=\"container\">\n\t\t<div class=\"elementor-element elementor-element-6dd7684 e-con-full e-flex e-con e-child\" data-id=\"6dd7684\" data-element_type=\"container\" data-e-type=\"container\">\n\t\t\t\t<div class=\"elementor-element elementor-element-d6a42c1 elementor-widget elementor-widget-heading\" data-id=\"d6a42c1\" data-element_type=\"widget\" data-e-type=\"widget\" data-widget_type=\"heading.default\">\n\t\t\t\t\t<p class=\"elementor-heading-title elementor-size-default\">LEMOND\u00c1SI FELT\u00c9TELEK<\/p>\t\t\t\t<\/div>\n\t\t\t\t<div class=\"elementor-element elementor-element-273f8ff elementor-widget elementor-widget-heading\" data-id=\"273f8ff\" data-element_type=\"widget\" data-e-type=\"widget\" data-widget_type=\"heading.default\">\n\t\t\t\t\t<p class=\"elementor-heading-title elementor-size-default\">7 napon bel\u00fcli lemond\u00e1s eset\u00e9n a teljes tart\u00f3zkod\u00e1s 50%-a ker\u00fcl felsz\u00e1m\u00edt\u00e1sra.\n\n<\/p>\t\t\t\t<\/div>\n\t\t\t\t<div class=\"elementor-element elementor-element-f15aae9 elementor-widget elementor-widget-heading\" data-id=\"f15aae9\" data-element_type=\"widget\" data-e-type=\"widget\" data-widget_type=\"heading.default\">\n\t\t\t\t\t<p class=\"elementor-heading-title elementor-size-default\">Meg nem jelen\u00e9s eset\u00e9n az els\u0151 \u00e9jszaka 100%-a ker\u00fcl felsz\u00e1m\u00edt\u00e1sra.<\/p>\t\t\t\t<\/div>\n\t\t\t\t<\/div>\n\t\t<div class=\"elementor-element elementor-element-d8db751 e-con-full e-flex e-con e-child\" data-id=\"d8db751\" data-element_type=\"container\" data-e-type=\"container\">\n\t\t\t\t<div class=\"elementor-element elementor-element-ca2e35a elementor-widget elementor-widget-heading\" data-id=\"ca2e35a\" data-element_type=\"widget\" data-e-type=\"widget\" data-widget_type=\"heading.default\">\n\t\t\t\t\t<p class=\"elementor-heading-title elementor-size-default\">FIZET\u00c9S<\/p>\t\t\t\t<\/div>\n\t\t\t\t<div class=\"elementor-element elementor-element-b0db077 elementor-widget elementor-widget-heading\" data-id=\"b0db077\" data-element_type=\"widget\" data-e-type=\"widget\" data-widget_type=\"heading.default\">\n\t\t\t\t\t<p class=\"elementor-heading-title elementor-size-default\">Fizet\u00e9s \u00e9rkez\u00e9skor k\u00e9szp\u00e9nzzel vagy k\u00e1rty\u00e1val.<\/p>\t\t\t\t<\/div>\n\t\t\t\t<div class=\"elementor-element elementor-element-3286362 elementor-widget elementor-widget-heading\" data-id=\"3286362\" data-element_type=\"widget\" data-e-type=\"widget\" data-widget_type=\"heading.default\">\n\t\t\t\t\t<p class=\"elementor-heading-title elementor-size-default\">Hosszabb tart\u00f3zkod\u00e1s eset\u00e9n el\u0151leg k\u00e9rhet\u0151.<\/p>\t\t\t\t<\/div>\n\t\t\t\t<div class=\"elementor-element elementor-element-0d6b18a elementor-widget elementor-widget-heading\" data-id=\"0d6b18a\" data-element_type=\"widget\" data-e-type=\"widget\" data-widget_type=\"heading.default\">\n\t\t\t\t\t<p class=\"elementor-heading-title elementor-size-default\">Sz\u00e1mla k\u00e9r\u00e9sre rendelkez\u00e9sre \u00e1ll.<\/p>\t\t\t\t<\/div>\n\t\t\t\t<\/div>\n\t\t\t\t<\/div>\n\t\t\t\t<\/div>\n\t\t\t\t<\/div>\n\t\t<div class=\"elementor-element elementor-element-5e7c03c e-con-full e-flex e-con e-parent\" data-id=\"5e7c03c\" data-element_type=\"container\" data-e-type=\"container\" data-settings=\"{&quot;background_background&quot;:&quot;classic&quot;}\">\n\t\t\t\t<div class=\"elementor-element elementor-element-a38a1f5 elementor-widget elementor-widget-heading\" data-id=\"a38a1f5\" data-element_type=\"widget\" data-e-type=\"widget\" data-widget_type=\"heading.default\">\n\t\t\t\t\t<p class=\"elementor-heading-title elementor-size-default\">K\u00c9RD\u00c9SED VAN?<\/p>\t\t\t\t<\/div>\n\t\t\t\t<div class=\"elementor-element elementor-element-ffa689a elementor-widget elementor-widget-heading\" data-id=\"ffa689a\" data-element_type=\"widget\" data-e-type=\"widget\" data-widget_type=\"heading.default\">\n\t\t\t\t\t<h2 class=\"elementor-heading-title elementor-size-default\">Vedd fel vel\u00fcnk a kapcsolatot.<\/h2>\t\t\t\t<\/div>\n\t\t\t\t<div class=\"elementor-element elementor-element-67e08b4 elementor-align-center elementor-widget elementor-widget-button\" data-id=\"67e08b4\" data-element_type=\"widget\" data-e-type=\"widget\" data-widget_type=\"button.default\">\n\t\t\t\t\t\t\t\t\t\t<a class=\"elementor-button elementor-button-link elementor-size-sm\" href=\"https:\/\/aineterhof.com\/stagingaineterhof\/kapcsolat\/\">\n\t\t\t\t\t\t<span class=\"elementor-button-content-wrapper\">\n\t\t\t\t\t\t\t\t\t<span class=\"elementor-button-text\">kapcsolat<\/span>\n\t\t\t\t\t<\/span>\n\t\t\t\t\t<\/a>\n\t\t\t\t\t\t\t\t<\/div>\n\t\t\t\t<\/div>\n\t\t\t\t<\/div>\n\t\t","protected":false},"excerpt":{"rendered":"<p>D\u00cdJSZAB\u00c1S \u00c1rak \u00c1R\u00d6SSZEFOGLAL\u00d3 Minden \u00e1r szem\u00e9lyenk\u00e9nt \u00e9s \u00e9jszak\u00e1nk\u00e9nt \u00e9rtend\u0151, reggelivel egy\u00fctt. (f\u00e9lpanzi\u00f3s \u00e1r felt\u00fcntetve k\u00fcl\u00f6n) Az \u00e1rak t\u00e1j\u00e9koztat\u00f3 jelleg\u0171ek \u00e9s v\u00e1ltozhatnak. Pontos el\u00e9rhet\u0151s\u00e9g\u00e9rt \u00e9s csoportos aj\u00e1nlat\u00e9rt vegye fel vel\u00fcnk a kapcsolatot. 04.20-05.31 Szobat\u00edpus Reggeli F\u00e9lpanzi\u00f3 Egy \u00e9jszaka szem\u00e9lyenk\u00e9nt \u20ac65 \u20ac77 T\u00f6bb \u00e9jszaka szem\u00e9lyenk\u00e9nt \u20ac62 \u20ac74 06.01-06.30. Szobat\u00edpus Reggeli F\u00e9lpanzi\u00f3 Egy \u00e9jszaka szem\u00e9lyenk\u00e9nt \u20ac75 \u20ac87 T\u00f6bb [&hellip;]<\/p>\n","protected":false},"author":1,"featured_media":0,"parent":0,"menu_order":0,"comment_status":"closed","ping_status":"closed","template":"","meta":{"footnotes":""},"folder":[],"class_list":["post-607","page","type-page","status-publish","hentry"],"_links":{"self":[{"href":"https:\/\/aineterhof.com\/stagingaineterhof\/wp-json\/wp\/v2\/pages\/607","targetHints":{"allow":["GET"]}}],"collection":[{"href":"https:\/\/aineterhof.com\/stagingaineterhof\/wp-json\/wp\/v2\/pages"}],"about":[{"href":"https:\/\/aineterhof.com\/stagingaineterhof\/wp-json\/wp\/v2\/types\/page"}],"author":[{"embeddable":true,"href":"https:\/\/aineterhof.com\/stagingaineterhof\/wp-json\/wp\/v2\/users\/1"}],"replies":[{"embeddable":true,"href":"https:\/\/aineterhof.com\/stagingaineterhof\/wp-json\/wp\/v2\/comments?post=607"}],"version-history":[{"count":58,"href":"https:\/\/aineterhof.com\/stagingaineterhof\/wp-json\/wp\/v2\/pages\/607\/revisions"}],"predecessor-version":[{"id":1484,"href":"https:\/\/aineterhof.com\/stagingaineterhof\/wp-json\/wp\/v2\/pages\/607\/revisions\/1484"}],"wp:attachment":[{"href":"https:\/\/aineterhof.com\/stagingaineterhof\/wp-json\/wp\/v2\/media?parent=607"}],"wp:term":[{"taxonomy":"folder","embeddable":true,"href":"https:\/\/aineterhof.com\/stagingaineterhof\/wp-json\/wp\/v2\/folder?post=607"}],"curies":[{"name":"wp","href":"https:\/\/api.w.org\/{rel}","templated":true}]}}