{"id":154,"date":"2026-04-12T16:31:13","date_gmt":"2026-04-12T16:31:13","guid":{"rendered":"http:\/\/aineterhof.local\/?page_id=154"},"modified":"2026-04-20T19:34:04","modified_gmt":"2026-04-20T19:34:04","slug":"kapcsolat","status":"publish","type":"page","link":"https:\/\/aineterhof.com\/stagingaineterhof\/kapcsolat\/","title":{"rendered":"Kapcsolat"},"content":{"rendered":"\t\t<div data-elementor-type=\"wp-page\" data-elementor-id=\"154\" class=\"elementor elementor-154\" data-elementor-post-type=\"page\">\n\t\t\t\t<div class=\"elementor-element elementor-element-55937cf e-con-full e-flex e-con e-parent\" data-id=\"55937cf\" data-element_type=\"container\" data-e-type=\"container\" data-settings=\"{&quot;background_background&quot;:&quot;classic&quot;}\">\n\t\t\t\t<div class=\"elementor-element elementor-element-4111e28 elementor-widget elementor-widget-heading\" data-id=\"4111e28\" data-element_type=\"widget\" data-e-type=\"widget\" data-widget_type=\"heading.default\">\n\t\t\t\t\t<p class=\"elementor-heading-title elementor-size-default\">KAPCSOLAT<\/p>\t\t\t\t<\/div>\n\t\t\t\t<div class=\"elementor-element elementor-element-41063b2 elementor-widget elementor-widget-heading\" data-id=\"41063b2\" data-element_type=\"widget\" data-e-type=\"widget\" data-widget_type=\"heading.default\">\n\t\t\t\t\t<h1 class=\"elementor-heading-title elementor-size-default\">\u00cdrj nek\u00fcnk<\/h1>\t\t\t\t<\/div>\n\t\t\t\t<div class=\"elementor-element elementor-element-95d53ab elementor-widget elementor-widget-heading\" data-id=\"95d53ab\" data-element_type=\"widget\" data-e-type=\"widget\" data-widget_type=\"heading.default\">\n\t\t\t\t\t<h2 class=\"elementor-heading-title elementor-size-default\">Amennyiben b\u00e1rmilyen k\u00e9rd\u00e9s felmer\u00fcl benned vagy nagyobb csoport sz\u00e1m\u00e1ra szeretn\u00e9l foglalni sz\u00e1ll\u00e1st<\/h2>\t\t\t\t<\/div>\n\t\t\t\t<\/div>\n\t\t<div class=\"elementor-element elementor-element-fce5990 e-flex e-con-boxed e-con e-parent\" data-id=\"fce5990\" data-element_type=\"container\" data-e-type=\"container\">\n\t\t\t\t\t<div class=\"e-con-inner\">\n\t\t<div class=\"elementor-element elementor-element-5d0ea45 e-con-full e-flex e-con e-child\" data-id=\"5d0ea45\" data-element_type=\"container\" data-e-type=\"container\">\n\t\t\t\t<div class=\"elementor-element elementor-element-3f1a131 elementor-widget elementor-widget-text-editor\" data-id=\"3f1a131\" data-element_type=\"widget\" data-e-type=\"widget\" data-widget_type=\"text-editor.default\">\n\t\t\t\t\t\t\t\t\t<div class=\"aineterhof-contact-block\"><p class=\"contact-eyebrow\">EL\u00c9RHET\u0150S\u00c9GEK<\/p><div class=\"contact-item\"><div class=\"contact-icon\">\u00a0<\/div><div class=\"contact-content\"><h3>C\u00edm<\/h3><p><a href=\"https:\/\/www.google.com\/maps\/dir\/\/''\/data=!4m7!4m6!1m1!4e2!1m2!1m1!1s0x4777664278b6c711:0x31e943dbb76820a5!3e0?g_mp=CiVnb29nbGUubWFwcy5wbGFjZXMudjEuUGxhY2VzLkdldFBsYWNlEAIYASAA\" target=\"_blank\" rel=\"noopener noreferrer\">A-9951 Ainet, Ainet 9<\/a><\/p><\/div><\/div><div class=\"contact-item\"><div class=\"contact-icon\">\u00a0<\/div><div class=\"contact-content\"><h3>Telefon<\/h3><p><a href=\"tel:+436764554181\">+43 676 4554181<\/a><br \/><a href=\"tel:+36204141987\">+36 20 4141 987<\/a><\/p><\/div><\/div><div class=\"contact-item\"><div class=\"contact-icon\">\u00a0<\/div><div class=\"contact-content\"><h3>E-mail<\/h3><p><a href=\"mailto:info@aineterhof.com\">info@aineterhof.com<\/a><\/p><\/div><\/div><div class=\"contact-item\"><div class=\"contact-icon\">\u00a0<\/div><div class=\"contact-content\"><h3>Recepci\u00f3 nyitvatart\u00e1sa<\/h3><p>H \u2013 V: 07:00 \u2013 22:00<br \/>Bejelentkez\u00e9s 13:00-t\u00f3l<br \/>Kijelentkez\u00e9s 11:00-ig<\/p><\/div><\/div><\/div>\t\t\t\t\t\t\t\t<\/div>\n\t\t\t\t<\/div>\n\t\t<div class=\"elementor-element elementor-element-a156252 e-con-full e-flex e-con e-child\" data-id=\"a156252\" data-element_type=\"container\" data-e-type=\"container\">\n\t\t\t\t<div class=\"elementor-element elementor-element-73f2b4b elementor-button-align-stretch elementor-widget elementor-widget-form\" data-id=\"73f2b4b\" data-element_type=\"widget\" data-e-type=\"widget\" data-settings=\"{&quot;step_next_label&quot;:&quot;Next&quot;,&quot;step_previous_label&quot;:&quot;Previous&quot;,&quot;button_width&quot;:&quot;100&quot;,&quot;step_type&quot;:&quot;number_text&quot;,&quot;step_icon_shape&quot;:&quot;circle&quot;}\" data-widget_type=\"form.default\">\n\t\t\t\t\t\t\t<form class=\"elementor-form\" method=\"post\" name=\"Kapcsolatfelv\u00e9teli \u0170rlap\" aria-label=\"Kapcsolatfelv\u00e9teli \u0170rlap\">\n\t\t\t<input type=\"hidden\" name=\"post_id\" value=\"154\"\/>\n\t\t\t<input type=\"hidden\" name=\"form_id\" value=\"73f2b4b\"\/>\n\t\t\t<input type=\"hidden\" name=\"referer_title\" value=\"Kapcsolat\" \/>\n\n\t\t\t\t\t\t\t<input type=\"hidden\" name=\"queried_id\" value=\"154\"\/>\n\t\t\t\n\t\t\t<div class=\"elementor-form-fields-wrapper elementor-labels-above\">\n\t\t\t\t\t\t\t\t<div class=\"elementor-field-type-text elementor-field-group elementor-column elementor-field-group- elementor-col-100 elementor-field-required\">\n\t\t\t\t\t\t\t\t\t\t\t\t<label for=\"form-field-\" class=\"elementor-field-label\">\n\t\t\t\t\t\t\t\tNeve\t\t\t\t\t\t\t<\/label>\n\t\t\t\t\t\t\t\t\t\t\t\t\t\t<input size=\"1\" type=\"text\" name=\"form_fields[]\" id=\"form-field-\" class=\"elementor-field elementor-size-sm  elementor-field-textual\" placeholder=\"Az \u00d6n neve\" required=\"required\">\n\t\t\t\t\t\t\t\t\t\t\t<\/div>\n\t\t\t\t\t\t\t\t<div class=\"elementor-field-type-email elementor-field-group elementor-column elementor-field-group- elementor-col-100 elementor-field-required\">\n\t\t\t\t\t\t\t\t\t\t\t\t<label for=\"form-field-\" class=\"elementor-field-label\">\n\t\t\t\t\t\t\t\tE-mail c\u00edm\t\t\t\t\t\t\t<\/label>\n\t\t\t\t\t\t\t\t\t\t\t\t\t\t<input size=\"1\" type=\"email\" name=\"form_fields[]\" id=\"form-field-\" class=\"elementor-field elementor-size-sm  elementor-field-textual\" placeholder=\"email@cim.com\" required=\"required\">\n\t\t\t\t\t\t\t\t\t\t\t<\/div>\n\t\t\t\t\t\t\t\t<div class=\"elementor-field-type-tel elementor-field-group elementor-column elementor-field-group- elementor-col-100 elementor-field-required\">\n\t\t\t\t\t\t\t\t\t\t\t\t<label for=\"form-field-\" class=\"elementor-field-label\">\n\t\t\t\t\t\t\t\tTelefonsz\u00e1m\t\t\t\t\t\t\t<\/label>\n\t\t\t\t\t\t\t\t<input size=\"1\" type=\"tel\" name=\"form_fields[]\" id=\"form-field-\" class=\"elementor-field elementor-size-sm  elementor-field-textual\" placeholder=\"+36 XX XXX XXXX\" required=\"required\" pattern=\"[0-9()#&amp;+*-=.]+\" title=\"Only numbers and phone characters (#, -, *, etc) are accepted.\">\n\n\t\t\t\t\t\t<\/div>\n\t\t\t\t\t\t\t\t<div class=\"elementor-field-type-textarea elementor-field-group elementor-column elementor-field-group- elementor-col-100 elementor-field-required\">\n\t\t\t\t\t\t\t\t\t\t\t\t<label for=\"form-field-\" class=\"elementor-field-label\">\n\t\t\t\t\t\t\t\t\u00dczenete\t\t\t\t\t\t\t<\/label>\n\t\t\t\t\t\t<textarea class=\"elementor-field-textual elementor-field  elementor-size-sm\" name=\"form_fields[]\" id=\"form-field-\" rows=\"5\" placeholder=\"Miben seg\u00edthet\u00fcnk?\" required=\"required\"><\/textarea>\t\t\t\t<\/div>\n\t\t\t\t\t\t\t\t<div class=\"elementor-field-type-date elementor-field-group elementor-column elementor-field-group-field_62ec1e6 elementor-col-100\">\n\t\t\t\t\t\t\t\t\t\t\t\t<label for=\"form-field-field_62ec1e6\" class=\"elementor-field-label\">\n\t\t\t\t\t\t\t\t\u00c9RKEZ\u00c9S\t\t\t\t\t\t\t<\/label>\n\t\t\t\t\t\t\n\t\t<input type=\"date\" name=\"form_fields[field_62ec1e6]\" id=\"form-field-field_62ec1e6\" class=\"elementor-field elementor-size-sm  elementor-field-textual elementor-date-field\" placeholder=\"\u00e9\u00e9\u00e9\u00e9.hh.nn.\" pattern=\"[0-9]{4}-[0-9]{2}-[0-9]{2}\">\n\t\t\t\t\t\t<\/div>\n\t\t\t\t\t\t\t\t<div class=\"elementor-field-type-date elementor-field-group elementor-column elementor-field-group-field_7c21101 elementor-col-100\">\n\t\t\t\t\t\t\t\t\t\t\t\t<label for=\"form-field-field_7c21101\" class=\"elementor-field-label\">\n\t\t\t\t\t\t\t\tT\u00c1VOZ\u00c1S\t\t\t\t\t\t\t<\/label>\n\t\t\t\t\t\t\n\t\t<input type=\"date\" name=\"form_fields[field_7c21101]\" id=\"form-field-field_7c21101\" class=\"elementor-field elementor-size-sm  elementor-field-textual elementor-date-field\" placeholder=\"\u00e9\u00e9\u00e9\u00e9.hh.nn.\" pattern=\"[0-9]{4}-[0-9]{2}-[0-9]{2}\">\n\t\t\t\t\t\t<\/div>\n\t\t\t\t\t\t\t\t<div class=\"elementor-field-type-select elementor-field-group elementor-column elementor-field-group-field_a90ba0c elementor-col-100\">\n\t\t\t\t\t\t\t\t\t\t\t\t<label for=\"form-field-field_a90ba0c\" class=\"elementor-field-label\">\n\t\t\t\t\t\t\t\tVEND\u00c9GEK\t\t\t\t\t\t\t<\/label>\n\t\t\t\t\t\t\t\t<div class=\"elementor-field elementor-select-wrapper remove-before \">\n\t\t\t<div class=\"select-caret-down-wrapper\">\n\t\t\t\t<svg aria-hidden=\"true\" class=\"e-font-icon-svg e-eicon-caret-down\" viewBox=\"0 0 571.4 571.4\" xmlns=\"http:\/\/www.w3.org\/2000\/svg\"><path d=\"M571 393Q571 407 561 418L311 668Q300 679 286 679T261 668L11 418Q0 407 0 393T11 368 36 357H536Q550 357 561 368T571 393Z\"><\/path><\/svg>\t\t\t<\/div>\n\t\t\t<select name=\"form_fields[field_a90ba0c]\" id=\"form-field-field_a90ba0c\" class=\"elementor-field-textual elementor-size-sm\">\n\t\t\t\t\t\t\t\t\t<option value=\"1 Vend\u00e9g\">1 Vend\u00e9g<\/option>\n\t\t\t\t\t\t\t\t\t<option value=\"2 Vend\u00e9g\">2 Vend\u00e9g<\/option>\n\t\t\t\t\t\t\t\t\t<option value=\"3 Vend\u00e9g\">3 Vend\u00e9g<\/option>\n\t\t\t\t\t\t\t\t\t<option value=\"4 Vend\u00e9g\">4 Vend\u00e9g<\/option>\n\t\t\t\t\t\t\t\t\t<option value=\"5 Vend\u00e9g\">5 Vend\u00e9g<\/option>\n\t\t\t\t\t\t\t\t\t<option value=\"6+ Vend\u00e9g\">6+ Vend\u00e9g<\/option>\n\t\t\t\t\t\t\t<\/select>\n\t\t<\/div>\n\t\t\t\t\t\t<\/div>\n\t\t\t\t\t\t\t\t<div class=\"elementor-field-type-text\">\n\t\t\t\t\t<input size=\"1\" type=\"text\" name=\"form_fields[field_7e9098a]\" id=\"form-field-field_7e9098a\" class=\"elementor-field elementor-size-sm \" style=\"display:none !important;\">\t\t\t\t<\/div>\n\t\t\t\t\t\t\t\t<div class=\"elementor-field-group elementor-column elementor-field-type-submit elementor-col-100 e-form__buttons\">\n\t\t\t\t\t<button class=\"elementor-button elementor-size-sm\" type=\"submit\">\n\t\t\t\t\t\t<span class=\"elementor-button-content-wrapper\">\n\t\t\t\t\t\t\t\t\t\t\t\t\t\t\t\t\t\t\t\t\t\t<span class=\"elementor-button-text\">\u00dczenet k\u00fcld\u00e9se<\/span>\n\t\t\t\t\t\t\t\t\t\t\t\t\t<\/span>\n\t\t\t\t\t<\/button>\n\t\t\t\t<\/div>\n\t\t\t<\/div>\n\t\t<\/form>\n\t\t\t\t\t\t<\/div>\n\t\t\t\t<\/div>\n\t\t\t\t\t<\/div>\n\t\t\t\t<\/div>\n\t\t\t\t<\/div>\n\t\t","protected":false},"excerpt":{"rendered":"<p>KAPCSOLAT \u00cdrj nek\u00fcnk Amennyiben b\u00e1rmilyen k\u00e9rd\u00e9s felmer\u00fcl benned vagy nagyobb csoport sz\u00e1m\u00e1ra szeretn\u00e9l foglalni sz\u00e1ll\u00e1st EL\u00c9RHET\u0150S\u00c9GEK \u00a0 C\u00edm A-9951 Ainet, Ainet 9 \u00a0 Telefon +43 676 4554181+36 20 4141 987 \u00a0 E-mail info@aineterhof.com \u00a0 Recepci\u00f3 nyitvatart\u00e1sa H \u2013 V: 07:00 \u2013 22:00Bejelentkez\u00e9s 13:00-t\u00f3lKijelentkez\u00e9s 11:00-ig<\/p>\n","protected":false},"author":1,"featured_media":0,"parent":0,"menu_order":0,"comment_status":"closed","ping_status":"closed","template":"","meta":{"footnotes":""},"folder":[],"class_list":["post-154","page","type-page","status-publish","hentry"],"_links":{"self":[{"href":"https:\/\/aineterhof.com\/stagingaineterhof\/wp-json\/wp\/v2\/pages\/154","targetHints":{"allow":["GET"]}}],"collection":[{"href":"https:\/\/aineterhof.com\/stagingaineterhof\/wp-json\/wp\/v2\/pages"}],"about":[{"href":"https:\/\/aineterhof.com\/stagingaineterhof\/wp-json\/wp\/v2\/types\/page"}],"author":[{"embeddable":true,"href":"https:\/\/aineterhof.com\/stagingaineterhof\/wp-json\/wp\/v2\/users\/1"}],"replies":[{"embeddable":true,"href":"https:\/\/aineterhof.com\/stagingaineterhof\/wp-json\/wp\/v2\/comments?post=154"}],"version-history":[{"count":32,"href":"https:\/\/aineterhof.com\/stagingaineterhof\/wp-json\/wp\/v2\/pages\/154\/revisions"}],"predecessor-version":[{"id":1487,"href":"https:\/\/aineterhof.com\/stagingaineterhof\/wp-json\/wp\/v2\/pages\/154\/revisions\/1487"}],"wp:attachment":[{"href":"https:\/\/aineterhof.com\/stagingaineterhof\/wp-json\/wp\/v2\/media?parent=154"}],"wp:term":[{"taxonomy":"folder","embeddable":true,"href":"https:\/\/aineterhof.com\/stagingaineterhof\/wp-json\/wp\/v2\/folder?post=154"}],"curies":[{"name":"wp","href":"https:\/\/api.w.org\/{rel}","templated":true}]}}